{"id":17,"date":"2026-01-20T08:21:12","date_gmt":"2026-01-20T08:21:12","guid":{"rendered":"https:\/\/www.restaurant-la-maria.de\/?page_id=17"},"modified":"2026-01-22T08:07:08","modified_gmt":"2026-01-22T08:07:08","slug":"politica-cookie","status":"publish","type":"page","link":"https:\/\/www.restaurant-la-maria.de\/de\/politica-cookie\/","title":{"rendered":"Cookie-Richtlinie"},"content":{"rendered":"<div data-elementor-type=\"wp-page\" data-elementor-id=\"17\" class=\"elementor elementor-17\" data-elementor-post-type=\"page\">\n\t\t\t\t<section class=\"elementor-element elementor-element-67ea816 e-flex e-con-boxed e-con e-parent\" data-id=\"67ea816\" data-element_type=\"container\" data-e-type=\"container\" data-settings=\"{&quot;background_background&quot;:&quot;classic&quot;}\">\n\t\t\t\t\t<div class=\"e-con-inner\">\n\t\t<div class=\"elementor-element elementor-element-3a265f1 e-con-full e-flex e-con e-child\" data-id=\"3a265f1\" data-element_type=\"container\" data-e-type=\"container\" data-settings=\"{&quot;background_background&quot;:&quot;classic&quot;}\">\n\t\t\t\t<div class=\"elementor-element elementor-element-78f71b5 elementor-widget elementor-widget-heading\" data-id=\"78f71b5\" data-element_type=\"widget\" data-e-type=\"widget\" data-widget_type=\"heading.default\">\n\t\t\t\t\t<h3 class=\"elementor-heading-title elementor-size-default\">Cookie-Richtlinie<\/h3>\t\t\t\t<\/div>\n\t\t\t\t<div class=\"elementor-element elementor-element-6dcea0d elementor-widget__width-inherit elementor-widget elementor-widget-text-editor\" data-id=\"6dcea0d\" data-element_type=\"widget\" data-e-type=\"widget\" data-widget_type=\"text-editor.default\">\n\t\t\t\t\t\t\t\t\t<h3>1. Allgemeine Informationen<\/h3><p>Diese Cookie-Richtlinie gilt f\u00fcr die Website von <strong>Restaurant La Maria<\/strong>.<\/p><p><strong>Firmenname:<\/strong> Restaurant La Maria<br \/><strong>Steuernummer:<\/strong> DE364643212<br \/><strong>Adresse:<\/strong> Hudeplan 13, 30453 Hannover, Germania<br \/><strong>Telefon:<\/strong> +49 1577 5642060<br \/><strong>E-mail:<\/strong> <a>alinamariaa99@yahoo.com<\/a><\/p><p>Diese Richtlinie erkl\u00e4rt, was Cookies sind, welche Arten von Cookies verwendet werden, zu welchem Zweck und wie Nutzer diese kontrollieren k\u00f6nnen.<\/p><div contenteditable=\"false\"><hr \/><\/div><h3>2. Was sind Cookies?<\/h3><p>Cookies sind kleine Textdateien, die auf dem Endger\u00e4t des Nutzers gespeichert werden, wenn eine Website besucht wird. Sie erm\u00f6glichen es, das Ger\u00e4t wiederzuerkennen und die Benutzererfahrung zu verbessern.<\/p><div contenteditable=\"false\"><hr \/><\/div><h3>3. Arten von verwendeten Cookies<\/h3><h4>a) Notwendige Cookies<\/h4><p>Diese Cookies sind f\u00fcr das ordnungsgem\u00e4\u00dfe Funktionieren der Website erforderlich und k\u00f6nnen nicht deaktiviert werden. Sie speichern keine personenbezogenen Daten.<\/p><h4>b) Analyse- \/ Performance-Cookies<\/h4><p>Diese Cookies helfen uns zu verstehen, wie Besucher die Website nutzen, um deren Leistung zu verbessern.<\/p><h4>c) Funktionale Cookies<\/h4><p>Diese Cookies erm\u00f6glichen es der Website, sich an vom Nutzer getroffene Entscheidungen zu erinnern (z.\u202fB. Spracheinstellungen).<\/p><p>Marketing- oder Werbe-Cookies werden nur mit ausdr\u00fccklicher Zustimmung des Nutzers verwendet.<\/p><div contenteditable=\"false\"><hr \/><\/div><h3>4. Einwilligung des Nutzers<\/h3><p>Beim ersten Besuch der Website wird der Nutzer um seine Zustimmung zur Verwendung von Cookies gebeten, gem\u00e4\u00df der Datenschutz-Grundverordnung (DSGVO \u2013 EU 2016\/679).<\/p><p>Die Einwilligung kann jederzeit \u00fcber die Browsereinstellungen widerrufen werden.<\/p><div contenteditable=\"false\"><hr \/><\/div><h3>5. Verwaltung von Cookies<\/h3><p>Die meisten Browser erlauben:<\/p><ul data-spread=\"false\"><li><p>alle Cookies zu akzeptieren;<\/p><\/li><li><p>Cookies abzulehnen;<\/p><\/li><li><p>gespeicherte Cookies zu l\u00f6schen.<\/p><\/li><\/ul><p>Diese Einstellungen k\u00f6nnen im jeweiligen Browser (Chrome, Firefox, Safari, Edge usw.) angepasst werden.<\/p><div contenteditable=\"false\"><hr \/><\/div><h3>6. \u00c4nderungen der Cookie-Richtlinie<\/h3><p>Wir behalten uns das Recht vor, diese Cookie-Richtlinie jederzeit zu \u00e4ndern. \u00c4nderungen werden auf dieser Seite ver\u00f6ffentlicht.<\/p>\t\t\t\t\t\t\t\t<\/div>\n\t\t\t\t<\/div>\n\t\t\t\t\t<\/div>\n\t\t\t\t<\/section>\n\t\t\t\t<\/div>","protected":false},"excerpt":{"rendered":"<p>Politica Cookie 1. Informa\u021bii generale Aceast\u0103 Politic\u0103 de Cookies se aplic\u0103 site-ului web operat de Restaurant La Maria. Denumire firm\u0103: Restaurant La MariaCod fiscal: DE364643212Adres\u0103: Hudeplan 13, 30453 Hannover, GermaniaTelefon: +49 1577 5642060E-mail: alinamariaa99@yahoo.com Prezenta politic\u0103 explic\u0103 ce sunt cookie-urile, ce tipuri de cookie-uri folosim, \u00een ce scop \u0219i cum pot fi controlate de c\u0103tre &#8230; <a title=\"Cookie-Richtlinie\" class=\"read-more\" href=\"https:\/\/www.restaurant-la-maria.de\/de\/politica-cookie\/\" aria-label=\"Mehr Informationen \u00fcber Politica Cookie\">Weiterlesen<\/a><\/p>","protected":false},"author":1,"featured_media":0,"parent":0,"menu_order":0,"comment_status":"closed","ping_status":"closed","template":"elementor_header_footer","meta":{"footnotes":""},"class_list":["post-17","page","type-page","status-publish"],"_links":{"self":[{"href":"https:\/\/www.restaurant-la-maria.de\/de\/wp-json\/wp\/v2\/pages\/17","targetHints":{"allow":["GET"]}}],"collection":[{"href":"https:\/\/www.restaurant-la-maria.de\/de\/wp-json\/wp\/v2\/pages"}],"about":[{"href":"https:\/\/www.restaurant-la-maria.de\/de\/wp-json\/wp\/v2\/types\/page"}],"author":[{"embeddable":true,"href":"https:\/\/www.restaurant-la-maria.de\/de\/wp-json\/wp\/v2\/users\/1"}],"replies":[{"embeddable":true,"href":"https:\/\/www.restaurant-la-maria.de\/de\/wp-json\/wp\/v2\/comments?post=17"}],"version-history":[{"count":0,"href":"https:\/\/www.restaurant-la-maria.de\/de\/wp-json\/wp\/v2\/pages\/17\/revisions"}],"wp:attachment":[{"href":"https:\/\/www.restaurant-la-maria.de\/de\/wp-json\/wp\/v2\/media?parent=17"}],"curies":[{"name":"wp","href":"https:\/\/api.w.org\/{rel}","templated":true}]}}