{"id":378,"date":"2026-01-22T08:10:16","date_gmt":"2026-01-22T08:10:16","guid":{"rendered":"https:\/\/www.restaurant-la-maria.de\/?page_id=378"},"modified":"2026-01-22T08:13:15","modified_gmt":"2026-01-22T08:13:15","slug":"impressum","status":"publish","type":"page","link":"https:\/\/www.restaurant-la-maria.de\/de\/impressum\/","title":{"rendered":"Impressum"},"content":{"rendered":"<div data-elementor-type=\"wp-page\" data-elementor-id=\"378\" class=\"elementor elementor-378\" data-elementor-post-type=\"page\">\n\t\t\t\t<section class=\"elementor-element elementor-element-2004b43 e-flex e-con-boxed e-con e-parent\" data-id=\"2004b43\" data-element_type=\"container\" data-e-type=\"container\" data-settings=\"{&quot;background_background&quot;:&quot;classic&quot;}\">\n\t\t\t\t\t<div class=\"e-con-inner\">\n\t\t<div class=\"elementor-element elementor-element-1503f3f e-con-full e-flex e-con e-child\" data-id=\"1503f3f\" data-element_type=\"container\" data-e-type=\"container\" data-settings=\"{&quot;background_background&quot;:&quot;classic&quot;}\">\n\t\t\t\t<div class=\"elementor-element elementor-element-d885a3a elementor-widget elementor-widget-heading\" data-id=\"d885a3a\" data-element_type=\"widget\" data-e-type=\"widget\" data-widget_type=\"heading.default\">\n\t\t\t\t\t<h3 class=\"elementor-heading-title elementor-size-default\">Impressum<\/h3>\t\t\t\t<\/div>\n\t\t\t\t<div class=\"elementor-element elementor-element-c56fab1 elementor-widget__width-inherit elementor-widget elementor-widget-text-editor\" data-id=\"c56fab1\" data-element_type=\"widget\" data-e-type=\"widget\" data-widget_type=\"text-editor.default\">\n\t\t\t\t\t\t\t\t\t<p>Angaben gem\u00e4\u00df \u00a75 TMG:<\/p><p><strong>Firmenname:<\/strong> Restaurant La Maria<br \/><strong>USt-IdNr.:<\/strong> DE364643212<\/p><p><strong>Anschrift:<\/strong><br \/>Hudeplan 13<br \/>30453 Hannover<br \/>Deutschland<\/p><p><strong>Telefon:<\/strong> <a href=\"tel:+49 1577 5642060\">+49 1577 5642060<\/a><br \/><strong>E-mail:<\/strong> <a href=\"mailto:alinamariaa99@yahoo.com\">alinamariaa99@yahoo.com<\/a><\/p><p><strong>Vertretungsberechtigter:<\/strong> Alina Maria Mitrea<\/p><p><strong>Zust\u00e4ndige Aufsichtsbeh\u00f6rde:<\/strong><br \/>Finanzamt Hannover (Germania)<\/p><p><strong>Verantwortlich f\u00fcr den Inhalt nach \u00a755 RStV:<\/strong><br \/>Restaurant La Maria<\/p><div contenteditable=\"false\"><hr \/><\/div><h3>Haftung f\u00fcr Inhalte<\/h3><p>Als Diensteanbieter sind wir gem\u00e4\u00df \u00a77 Abs.1 TMG f\u00fcr eigene Inhalte auf diesen Seiten nach den allgemeinen Gesetzen verantwortlich.<\/p><div contenteditable=\"false\"><hr \/><\/div><h3>Haftung f\u00fcr Links<\/h3><p>Unser Angebot enth\u00e4lt Links zu externen Websites Dritter, auf deren Inhalte wir keinen Einfluss haben. Deshalb k\u00f6nnen wir f\u00fcr diese fremden Inhalte keine Gew\u00e4hr \u00fcbernehmen.<\/p><div contenteditable=\"false\"><hr \/><\/div><h3>Urheberrecht<\/h3><p>Die durch die Seitenbetreiber erstellten Inhalte und Werke unterliegen dem deutschen Urheberrecht. Die Vervielf\u00e4ltigung, Bearbeitung oder Verbreitung bedarf der schriftlichen Zustimmung.<\/p>\t\t\t\t\t\t\t\t<\/div>\n\t\t\t\t<\/div>\n\t\t\t\t\t<\/div>\n\t\t\t\t<\/section>\n\t\t\t\t<\/div>","protected":false},"excerpt":{"rendered":"<p>Impressum Conform legisla\u021biei germane (\u00a75 TMG), prezent\u0103m urm\u0103toarele informa\u021bii legale: Denumire firm\u0103: Restaurant La MariaCod fiscal (USt-IdNr.): DE364643212 Adres\u0103 sediu:Hudeplan 1330453 HannoverGermania Telefon: +49 1577 5642060E-mail: alinamariaa99@yahoo.com Reprezentant legal: Alina Maria Mitrea Autoritate de supraveghere:Finanzamt Hannover (Germania) Responsabil pentru con\u021binut (conform \u00a755 RStV):Restaurant La Maria R\u0103spundere pentru con\u021binut Con\u021binutul paginilor noastre a fost creat cu &#8230; <a title=\"Impressum\" class=\"read-more\" href=\"https:\/\/www.restaurant-la-maria.de\/de\/impressum\/\" aria-label=\"Mehr Informationen \u00fcber Impressum\">Weiterlesen<\/a><\/p>","protected":false},"author":1,"featured_media":0,"parent":0,"menu_order":0,"comment_status":"closed","ping_status":"closed","template":"elementor_header_footer","meta":{"footnotes":""},"class_list":["post-378","page","type-page","status-publish"],"_links":{"self":[{"href":"https:\/\/www.restaurant-la-maria.de\/de\/wp-json\/wp\/v2\/pages\/378","targetHints":{"allow":["GET"]}}],"collection":[{"href":"https:\/\/www.restaurant-la-maria.de\/de\/wp-json\/wp\/v2\/pages"}],"about":[{"href":"https:\/\/www.restaurant-la-maria.de\/de\/wp-json\/wp\/v2\/types\/page"}],"author":[{"embeddable":true,"href":"https:\/\/www.restaurant-la-maria.de\/de\/wp-json\/wp\/v2\/users\/1"}],"replies":[{"embeddable":true,"href":"https:\/\/www.restaurant-la-maria.de\/de\/wp-json\/wp\/v2\/comments?post=378"}],"version-history":[{"count":0,"href":"https:\/\/www.restaurant-la-maria.de\/de\/wp-json\/wp\/v2\/pages\/378\/revisions"}],"wp:attachment":[{"href":"https:\/\/www.restaurant-la-maria.de\/de\/wp-json\/wp\/v2\/media?parent=378"}],"curies":[{"name":"wp","href":"https:\/\/api.w.org\/{rel}","templated":true}]}}